{"id":1556,"date":"2016-11-11T14:39:23","date_gmt":"2016-11-11T13:39:23","guid":{"rendered":"https:\/\/nuernberg-apartments.de\/?page_id=1556"},"modified":"2019-01-04T02:50:29","modified_gmt":"2019-01-04T01:50:29","slug":"wohnmarie","status":"publish","type":"page","link":"https:\/\/nuernberg-apartments.de\/en\/wohnmarie\/","title":{"rendered":"Wohnmarie"},"content":{"rendered":"<p>Wohnmarie<\/p>\n<p>1 minute to subway &#8211; 2 stops to the center &#8211; 3 nice rooms<\/p>\n<p>Outside:<br \/>\nFrom the Franconian beer garden to the Andalusian bodega to the vegan restaurant you will find delicacies fromall skies and tastes. Gostenhof is a lively district, characterised by trendy bars, hidden beer gardens, chic restaurants, groceries from all over the world (and women), junk shops, galleries&#8230;<br \/>\nInside:<br \/>\nA spacious living room with comfortable kitchenette (ceran, oven, fridge-freezer, dishwasher) and dining table offers many amenities. Smart-TV 43&#8243; with Netflix, DVD, small music system with USB and Aux interfaces, but also books are there for entertainment. Two bedrooms bring peace and relaxation. In 2018, new soundproof windows were installed throughout the apartment in a classic, architectural design. Also new is the bathroom with floor-level shower and a modern combined washer-dryer.<\/p>\n<p>The wohnmarie with its three rooms is located near F\u00fcrther Stra\u00dfe on the edge of the Gostenhof district in Mittlere Kanalstra\u00dfe 1a on the ground floor &#8211; 1 minute from underground line 1.Travel times: Centre 3 minutes, main station 6 minutes, trade fair 14 minutes, airport 19 minutes<br \/>\nOn 61 m\u00b2 you will find<\/p>\n<p>a spacious living room with modern fully equipped kitchenette, dining area with a large table, an upholstered chair and a sofa for three persons.<br \/>\nTwo bedrooms, each with two single beds, which can be arranged in one room as double beds.<br \/>\na small hall with wardrobe,<br \/>\na modern, bright bathroom with floor-level shower and a state-of-the-art washer-dryer (both functions in one unit)<br \/>\nNew soundproof windows in classic three-part division<\/p>\n<p>The furniture is new, some historical furniture brings charm and a pleasant personal atmosphere. In the living room you will find books, city information, 43&#8243; smart TV with Netflix, CD and Bluray player.Fast Internet and telephone to German landlines are of course free of charge.A limited number of free parking spaces are available in the street.<\/p>\n<p>Basic rental per night is 52 \u20ac incl. two persons, with a minimum rental period of 13 nights. From 14 nights we charge 47 \u20ac and from 22 nights 43 \u20ac per night, from the first night.&gt;&gt;In the year 2019 a short term renting is possible after arrangement still occasionally. &lt;&lt;&lt;Each additional person costs 20 \u20ac per night. Children in the travel bed stay free of charge.There is a one-time service charge of 50 EUR for electricity, cleaning, waste disposal and heating.For more than 1 month we will gladly make you an offer.&gt;&gt;&gt;Special conditions apply for the following times: Toys-, Biofach-, IWA- and Braubeviale-Messe.&lt;&lt;&lt;<br \/>\nOn departure, the apartment must be swept clean and handed over without any rubbish!<br \/>\nThe legal value added tax is included in the price. Towels and bed linen are of course available.The apartment can be used by max. 4 persons and is a non-smoking apartment.<\/p>\n<p>Jetzt buchen oder unverbindlich anfragen:<\/p>\n<\/p>\n<p>Mittlere Kanalstra\u00dfe 1a<\/p>\n<p><!-- {\"name\":\"\",\"type\":\"layout\",\"children\":[{\"name\":\"header\",\"type\":\"section\",\"props\":{\"style\":\"muted\",\"width\":\"default\",\"image_position\":\"center-center\",\"padding\":\"xsmall\",\"vertical_align\":\"middle\",\"title_position\":\"top-left\",\"title_rotation\":\"left\",\"title_breakpoint\":\"xl\"},\"children\":[{\"name\":\"\",\"type\":\"row\",\"props\":{\"fixed_width\":\"large\",\"breakpoint\":\"m\",\"layout\":\"1-1\"},\"children\":[{\"name\":\"\",\"type\":\"column\",\"props\":{\"image_position\":\"center-center\",\"widths\":[\"1-1\"]},\"children\":[{\"name\":\"wohnmarie slider\",\"type\":\"grid\",\"props\":{\"show_title\":false,\"show_meta\":false,\"show_content\":false,\"show_image\":true,\"show_link\":false,\"grid_default\":\"5\",\"grid_medium\":\"5\",\"title_element\":\"h3\",\"meta_style\":\"meta\",\"meta_align\":\"bottom\",\"icon_ratio\":4,\"image_align\":\"top\",\"image_grid_width\":\"1-2\",\"image_breakpoint\":\"m\",\"link_text\":\"Read more\",\"link_style\":\"default\",\"margin\":\"default\",\"image_width\":\"\",\"gutter\":\"collapse\",\"filter_style\":\"tab\",\"filter_all\":true,\"filter_position\":\"top\",\"filter_align\":\"left\",\"filter_grid_width\":\"auto\",\"filter_breakpoint\":\"m\"},\"children\":[{\"name\":\"\",\"type\":\"grid_item\",\"props\":{\"image\":\"wp-content\\\/uploads\\\/fewo_wohnmarie-6.jpg\",\"title\":\"Wohnmarie\"}},{\"name\":\"\",\"type\":\"grid_item\",\"props\":{\"image\":\"wp-content\\\/uploads\\\/fewo_wohnmarie-17.jpg\",\"title\":\"Wohnmarie\",\"image_alt\":\"Alexander Meyer\"}},{\"name\":\"\",\"type\":\"grid_item\",\"props\":{\"image\":\"wp-content\\\/uploads\\\/fewo_wohnmarie-9.jpg\",\"title\":\"Wohnmarie\",\"image_alt\":\"Alexander Meyer\"}},{\"name\":\"\",\"type\":\"grid_item\",\"props\":{\"image\":\"wp-content\\\/uploads\\\/fewo_wohnmarie-8.jpg\",\"title\":\"Wohnmarie\"}},{\"name\":\"\",\"type\":\"grid_item\",\"props\":{\"image\":\"wp-content\\\/uploads\\\/fewo_wohnmarie-11.jpg\",\"title\":\"Wohnmarie\"}}]}]}]}]},{\"name\":\"\",\"type\":\"section\",\"props\":{\"style\":\"default\",\"width\":\"default\",\"image_position\":\"center-center\",\"height\":\"\",\"padding\":\"small\",\"header_transparent\":\"\",\"vertical_align\":\"middle\",\"title_position\":\"top-left\",\"title_rotation\":\"left\",\"title_breakpoint\":\"xl\"},\"children\":[{\"name\":\"\",\"type\":\"row\",\"props\":{\"fixed_width\":\"large\",\"breakpoint\":\"m\",\"layout\":\"1-1\",\"width\":\"\"},\"children\":[{\"name\":\"\",\"type\":\"column\",\"props\":{\"image_position\":\"center-center\",\"widths\":[\"1-1\"]},\"children\":[{\"name\":\"\",\"type\":\"headline\",\"props\":{\"title_element\":\"h1\",\"content\":\"Wohnmarie\",\"text_align\":\"center\",\"title_style\":\"heading-primary\",\"title_decoration\":\"line\",\"title_color\":\"primary\"}}]}]},{\"name\":\"\",\"type\":\"row\",\"props\":{\"fixed_width\":\"large\",\"breakpoint\":\"m\",\"layout\":\"2-3,\",\"margin\":\"\",\"match\":false},\"children\":[{\"name\":\"\",\"type\":\"column\",\"props\":{\"image_position\":\"center-center\",\"widths\":[\"2-3\"]},\"children\":[{\"name\":\"\",\"type\":\"headline\",\"props\":{\"title_element\":\"h2\",\"title_style\":\"h2\",\"content\":\"1 minute to subway - 2 stops to the center - 3 nice rooms\",\"title_decoration\":\"\",\"title_color\":\"\",\"text_align\":\"\",\"text_align_breakpoint\":\"\",\"text_align_fallback\":\"\",\"maxwidth\":\"\",\"maxwidth_align\":\"\",\"maxwidth_breakpoint\":\"\",\"margin\":\"\",\"animation\":\"\",\"visibility\":\"\"}},{\"name\":\"\",\"type\":\"text\",\"props\":{\"column_breakpoint\":\"m\",\"margin\":\"default\",\"content\":\"\n\n<p>Outside:<\\\/p>\\n\n\n<p>From the Franconian beer garden to the Andalusian bodega to the vegan restaurant you will find delicacies from<br \\\/>all skies and tastes. Gostenhof is a lively district, characterised by trendy bars, hidden beer gardens, chic restaurants, groceries from all over the world (and women), junk shops, galleries...<\\\/p>\\n\n\n<p><strong>Inside:<\\\/strong><\\\/p>\\n\n\n<p>A spacious living room with comfortable kitchenette (ceran, oven, fridge-freezer, dishwasher) and dining table offers many amenities. Smart-TV 43\\\" with Netflix, DVD, small music system with USB and Aux interfaces, but also books are there for entertainment. Two bedrooms bring peace and relaxation. In 2018, new soundproof windows were installed throughout the apartment in a classic, architectural design. Also new is the bathroom with floor-level shower and a modern combined washer-dryer.<\\\/p>\",\"text_style\":\"\",\"text_color\":\"\",\"text_size\":\"\",\"column\":\"\",\"text_align\":\"\",\"text_align_breakpoint\":\"\",\"text_align_fallback\":\"\",\"maxwidth\":\"\",\"maxwidth_align\":\"\",\"maxwidth_breakpoint\":\"\",\"animation\":\"\",\"visibility\":\"\"}},{\"name\":\"galerie wohnmarie\",\"type\":\"gallery\",\"props\":{\"show_title\":true,\"show_meta\":true,\"show_content\":true,\"show_link\":true,\"show_hover_image\":true,\"grid_default\":\"1\",\"grid_medium\":\"3\",\"overlay_mode\":\"cover\",\"overlay_position\":\"center\",\"overlay_transition\":\"fade\",\"title_element\":\"h3\",\"meta_style\":\"meta\",\"meta_align\":\"bottom\",\"text_align\":\"center\",\"margin\":\"default\",\"lightbox\":true,\"overlay_hover\":true,\"overlay_style\":\"overlay-default\",\"text_color\":\"light\",\"filter_style\":\"tab\",\"filter_all\":true,\"filter_position\":\"top\",\"filter_align\":\"left\",\"filter_grid_width\":\"auto\",\"filter_breakpoint\":\"m\"},\"children\":[{\"name\":\"\",\"type\":\"gallery_item\",\"props\":{\"image\":\"wp-content\\\/uploads\\\/fewo_wohnmarie-17.jpg\",\"image_alt\":\"Wohnmarie\",\"title\":\"Flur\"}},{\"name\":\"\",\"type\":\"gallery_item\",\"props\":{\"image\":\"wp-content\\\/uploads\\\/fewo_wohnmarie-8.jpg\",\"image_alt\":\"Wohnmarie\",\"title\":\"Wohnen\"}},{\"name\":\"\",\"type\":\"gallery_item\",\"props\":{\"image\":\"wp-content\\\/uploads\\\/fewo_wohnmarie-16.jpg\",\"image_alt\":\"Wohnmarie\",\"title\":\"Flur\"}},{\"name\":\"\",\"type\":\"gallery_item\",\"props\":{\"image\":\"wp-content\\\/uploads\\\/fewo_wohnmarie-9.jpg\",\"image_alt\":\"Wohnmarie\",\"title\":\"Wohnk\\u00fcche\"}},{\"name\":\"\",\"type\":\"gallery_item\",\"props\":{\"title\":\"Wohnen\",\"image\":\"wp-content\\\/uploads\\\/fewo_wohnmarie-7.jpg\",\"image_alt\":\"Wohnmarie\"}},{\"name\":\"\",\"type\":\"gallery_item\",\"props\":{\"title\":\"Schlafen 1\",\"image\":\"wp-content\\\/uploads\\\/fewo_wohnmarie-10.jpg\",\"image_alt\":\"Tirso\"}},{\"name\":\"\",\"type\":\"gallery_item\",\"props\":{\"image\":\"wp-content\\\/uploads\\\/fewo_wohnmarie-11.jpg\",\"image_alt\":\"Wohnmarie\",\"title\":\"Schlafen 1\"}},{\"name\":\"\",\"type\":\"gallery_item\",\"props\":{\"image\":\"wp-content\\\/uploads\\\/fewo_wohnmarie-1.jpg\",\"image_alt\":\"Wohnmarie\",\"title\":\"Schlafen 2\"}},{\"name\":\"\",\"type\":\"gallery_item\",\"props\":{\"image\":\"wp-content\\\/uploads\\\/fewo_wohnmarie-2.jpg\",\"image_alt\":\"Wohnmarie\",\"title\":\"Schlafen 2\"}},{\"name\":\"\",\"type\":\"gallery_item\",\"props\":{\"image\":\"wp-content\\\/uploads\\\/fewo_wohnmarie-3.jpg\",\"image_alt\":\"Wohnmarie\",\"title\":\"Badezimmer\"}}]}]},{\"name\":\"\",\"type\":\"column\",\"props\":{\"image_position\":\"center-center\",\"widths\":[\"\"],\"style\":\"\",\"padding\":\"small\"},\"children\":[{\"name\":\"grundriss\",\"type\":\"panel\",\"props\":{\"link_text\":\"Read more\",\"title_element\":\"h3\",\"meta_style\":\"meta\",\"meta_align\":\"bottom\",\"icon_ratio\":4,\"image_align\":\"bottom\",\"image_grid_width\":\"1-2\",\"image_breakpoint\":\"m\",\"link_style\":\"default\",\"margin\":\"default\",\"image\":\"wp-content\\\/uploads\\\/Wohnmarie-Grundriss.png\",\"title\":\"Grundriss Wohnmarie\",\"meta\":\"61 qm\",\"image_alt\":\"Ferienwohnung Lotte Grundriss\",\"panel_style\":\"card-primary\"}},{\"name\":\"beschreibung\",\"type\":\"accordion\",\"props\":{\"show_image\":true,\"show_link\":true,\"collapsible\":true,\"title_element\":\"h3\",\"image_align\":\"top\",\"image_grid_width\":\"1-2\",\"image_breakpoint\":\"m\",\"link_text\":\"Read more\",\"link_style\":\"default\",\"content_style\":\"\",\"image_border\":\"\",\"image_gutter\":\"\",\"link_size\":\"\",\"text_align\":\"\",\"text_align_breakpoint\":\"\",\"text_align_fallback\":\"\",\"maxwidth\":\"\",\"maxwidth_align\":\"\",\"maxwidth_breakpoint\":\"\",\"margin\":\"\",\"animation\":\"\",\"visibility\":\"\"},\"children\":[{\"name\":\"\",\"type\":\"accordion_item\",\"props\":{\"title\":\"Read more\",\"content\":\"\n\n<p>The wohnmarie with its three rooms is located near F\\u00fcrther Stra\\u00dfe on the edge of the Gostenhof district in Mittlere Kanalstra\\u00dfe 1a on the ground floor - 1 minute from underground line 1.<br \\\/>Travel times: Centre 3 minutes, main station 6 minutes, trade fair 14 minutes, airport 19 minutes<\\\/p>\\n\n\n<p>On 61 m\\u00b2 you will find<\\\/p>\\n\n\n<ul>\\n\n\n<li>a spacious living room with modern fully equipped kitchenette, dining area with a large table, an upholstered chair and a sofa for three persons.<\\\/li>\\n\n\n<li>Two bedrooms, each with two single beds, which can be arranged in one room as double beds.<\\\/li>\\n\n\n<li>a small hall with wardrobe,<\\\/li>\\n\n\n<li>a modern, bright bathroom with floor-level shower and a state-of-the-art washer-dryer (both functions in one unit)<\\\/li>\\n\n\n<li>New soundproof windows in classic three-part division<\\\/li>\\n<\\\/ul>\\n\n\n<p>The furniture is new, some historical furniture brings charm and a pleasant personal atmosphere. In the living room you will find books, city information, 43\\\" smart TV with Netflix, CD and Bluray player.<br \\\/>Fast Internet and telephone to German landlines are of course free of charge.<br \\\/>A limited number of free parking spaces are available in the street.<\\\/p>\"}},{\"name\":\"\",\"type\":\"accordion_item\",\"props\":{\"title\":\"Rates\",\"content\":\"\n\n<p>Basic rental per night is 52 \\u20ac incl. two persons, with a minimum rental period of 13 nights. From 14 nights we charge 47 \\u20ac and from 22 nights 43 \\u20ac per night, from the first night.<br \\\/><br \\\/>&gt;&gt;In the year 2019 a short term renting is possible after arrangement still occasionally. &lt;&lt;&lt;<br \\\/><br \\\/>Each additional person costs 20 \\u20ac per night. Children in the travel bed stay free of charge.<br \\\/>There is a one-time service charge of 50 EUR for electricity, cleaning, waste disposal and heating.<br \\\/>For more than 1 month we will gladly make you an offer.<br \\\/><br \\\/>&gt;&gt;&gt;Special conditions apply for the following times: Toys-, Biofach-, IWA- and Braubeviale-Messe.&lt;&lt;&lt;<\\\/p>\\n\n\n<p>On departure, the apartment must be swept clean and handed over without any rubbish!<\\\/p>\\n\n\n<p>The legal value added tax is included in the price. Towels and bed linen are of course available.<br \\\/>The apartment can be used by max. 4 persons and is a non-smoking apartment.<\\\/p>\"}}]}]}]}]},{\"name\":\"buchung wohnmarie\",\"type\":\"section\",\"props\":{\"style\":\"muted\",\"width\":\"default\",\"image_position\":\"center-center\",\"css\":\".wp-full-overlay-main iframe-ready {background-color:#000;}\",\"padding\":\"xsmall\",\"vertical_align\":\"middle\",\"title_position\":\"top-left\",\"title_rotation\":\"left\",\"title_breakpoint\":\"xl\"},\"children\":[{\"name\":\"\",\"type\":\"row\",\"props\":{\"fixed_width\":\"large\",\"breakpoint\":\"m\",\"layout\":\"2-3,\"},\"children\":[{\"name\":\"\",\"type\":\"column\",\"props\":{\"image_position\":\"center-center\",\"widths\":[\"2-3\"]},\"children\":[{\"name\":\"\",\"type\":\"headline\",\"props\":{\"title_element\":\"h2\",\"content\":\"Jetzt buchen oder unverbindlich anfragen:\",\"text_align\":\"left\"}},{\"name\":\"\",\"type\":\"text\",\"props\":{\"column_breakpoint\":\"m\",\"margin\":\"default\",\"content\":\"\n\n<p><iframe src=\\\"https:\\\/\\\/www.vakanzkalender.de\\\/5103__3_1_____.html\\\" width=\\\"650px\\\" height=\\\"450px\\\" frameborder=\\\"0\\\"><\\\/iframe><\\\/p>\"}}]},{\"name\":\"\",\"type\":\"column\",\"props\":{\"image_position\":\"center-center\",\"widths\":[\"\"]},\"children\":[{\"name\":\"\",\"type\":\"text\",\"props\":{\"column_breakpoint\":\"m\",\"margin\":\"default\",\"content\":\"<! powered by www.vakanzkalender.de - der online Belegungsplan f\\u00fcr Ihre Homepage !>\\n<IFRAME src=\\\"https:\\\/\\\/www.vakanzkalender.de\\\/112_buchungsformular.html\\\" width=\\\"400px\\\" height=\\\"400px\\\" frameborder=\\\"0\\\"><\\\/IFRAME>\\n<! powered by www.vakanzkalender.de - der online Belegungsplan f\\u00fcr Ihre Homepage !>\"}}]}]}]},{\"name\":\"maps\",\"type\":\"section\",\"props\":{\"style\":\"primary\",\"width\":\"default\",\"image_position\":\"center-center\",\"padding\":\"xsmall\",\"vertical_align\":\"middle\",\"title_position\":\"top-left\",\"title_rotation\":\"left\",\"title_breakpoint\":\"xl\"},\"children\":[{\"name\":\"\",\"type\":\"row\",\"props\":{\"fixed_width\":\"large\",\"breakpoint\":\"m\",\"layout\":\"1-1\"},\"children\":[{\"name\":\"\",\"type\":\"column\",\"props\":{\"image_position\":\"center-center\",\"widths\":[\"1-1\"]},\"children\":[{\"name\":\"\",\"type\":\"map\",\"props\":{\"show_title\":true,\"type\":\"roadmap\",\"zoom\":\"14\",\"controls\":true,\"zooming\":false,\"dragging\":false},\"children\":[{\"name\":\"\",\"type\":\"map_marker\",\"props\":{\"title\":\"Wohnmarie\",\"location\":\"49.4495,11.0578\",\"content\":\"\n\n<p>Mittlere Kanalstra\\u00dfe 1a<\\\/p>\"}}]}]}]}]}]} --><\/p>\n","protected":false},"excerpt":{"rendered":"<p>Wohnmarie 1 minute to subway &#8211; 2 stops to the center &#8211; 3 nice rooms Outside: From the Franconian beer garden to the Andalusian bodega to the vegan restaurant you will find delicacies fromall skies and tastes. Gostenhof is a lively district, characterised by trendy bars, hidden beer gardens, chic restaurants, groceries from all over [&hellip;]<\/p>\n","protected":false},"author":1,"featured_media":0,"parent":0,"menu_order":3,"comment_status":"closed","ping_status":"closed","template":"","meta":{"footnotes":""},"class_list":["post-1556","page","type-page","status-publish","hentry"],"yoast_head":"<!-- This site is optimized with the Yoast SEO plugin v27.5 - https:\/\/yoast.com\/product\/yoast-seo-wordpress\/ -->\n<title>Wohnmarie - Ferienwohnung N\u00fcrnberg<\/title>\n<meta name=\"robots\" content=\"index, follow, max-snippet:-1, max-image-preview:large, max-video-preview:-1\" \/>\n<link rel=\"canonical\" href=\"https:\/\/nuernberg-apartments.de\/en\/wohnmarie\/\" \/>\n<meta property=\"og:locale\" content=\"en_US\" \/>\n<meta property=\"og:type\" content=\"article\" \/>\n<meta property=\"og:title\" content=\"Wohnmarie - Ferienwohnung N\u00fcrnberg\" \/>\n<meta property=\"og:description\" content=\"Wohnmarie 1 minute to subway &#8211; 2 stops to the center &#8211; 3 nice rooms Outside: From the Franconian beer garden to the Andalusian bodega to the vegan restaurant you will find delicacies fromall skies and tastes. Gostenhof is a lively district, characterised by trendy bars, hidden beer gardens, chic restaurants, groceries from all over [&hellip;]\" \/>\n<meta property=\"og:url\" content=\"https:\/\/nuernberg-apartments.de\/en\/wohnmarie\/\" \/>\n<meta property=\"og:site_name\" content=\"Ferienwohnung N\u00fcrnberg\" \/>\n<meta property=\"article:modified_time\" content=\"2019-01-04T01:50:29+00:00\" \/>\n<meta name=\"twitter:card\" content=\"summary_large_image\" \/>\n<meta name=\"twitter:label1\" content=\"Est. reading time\" \/>\n\t<meta name=\"twitter:data1\" content=\"2 minutes\" \/>\n<script type=\"application\/ld+json\" class=\"yoast-schema-graph\">{\"@context\":\"https:\\\/\\\/schema.org\",\"@graph\":[{\"@type\":\"WebPage\",\"@id\":\"https:\\\/\\\/nuernberg-apartments.de\\\/en\\\/wohnmarie\\\/\",\"url\":\"https:\\\/\\\/nuernberg-apartments.de\\\/en\\\/wohnmarie\\\/\",\"name\":\"Wohnmarie - Ferienwohnung N\u00fcrnberg\",\"isPartOf\":{\"@id\":\"https:\\\/\\\/nuernberg-apartments.de\\\/en\\\/#website\"},\"datePublished\":\"2016-11-11T13:39:23+00:00\",\"dateModified\":\"2019-01-04T01:50:29+00:00\",\"breadcrumb\":{\"@id\":\"https:\\\/\\\/nuernberg-apartments.de\\\/en\\\/wohnmarie\\\/#breadcrumb\"},\"inLanguage\":\"en-US\",\"potentialAction\":[{\"@type\":\"ReadAction\",\"target\":[\"https:\\\/\\\/nuernberg-apartments.de\\\/en\\\/wohnmarie\\\/\"]}]},{\"@type\":\"BreadcrumbList\",\"@id\":\"https:\\\/\\\/nuernberg-apartments.de\\\/en\\\/wohnmarie\\\/#breadcrumb\",\"itemListElement\":[{\"@type\":\"ListItem\",\"position\":1,\"name\":\"Startseite\",\"item\":\"https:\\\/\\\/nuernberg-apartments.de\\\/en\\\/\"},{\"@type\":\"ListItem\",\"position\":2,\"name\":\"Wohnmarie\"}]},{\"@type\":\"WebSite\",\"@id\":\"https:\\\/\\\/nuernberg-apartments.de\\\/en\\\/#website\",\"url\":\"https:\\\/\\\/nuernberg-apartments.de\\\/en\\\/\",\"name\":\"Ferienwohnung N\u00fcrnberg\",\"description\":\"Wohnmarie und Schlafmarie\",\"potentialAction\":[{\"@type\":\"SearchAction\",\"target\":{\"@type\":\"EntryPoint\",\"urlTemplate\":\"https:\\\/\\\/nuernberg-apartments.de\\\/en\\\/?s={search_term_string}\"},\"query-input\":{\"@type\":\"PropertyValueSpecification\",\"valueRequired\":true,\"valueName\":\"search_term_string\"}}],\"inLanguage\":\"en-US\"}]}<\/script>\n<!-- \/ Yoast SEO plugin. -->","yoast_head_json":{"title":"Wohnmarie - Ferienwohnung N\u00fcrnberg","robots":{"index":"index","follow":"follow","max-snippet":"max-snippet:-1","max-image-preview":"max-image-preview:large","max-video-preview":"max-video-preview:-1"},"canonical":"https:\/\/nuernberg-apartments.de\/en\/wohnmarie\/","og_locale":"en_US","og_type":"article","og_title":"Wohnmarie - Ferienwohnung N\u00fcrnberg","og_description":"Wohnmarie 1 minute to subway &#8211; 2 stops to the center &#8211; 3 nice rooms Outside: From the Franconian beer garden to the Andalusian bodega to the vegan restaurant you will find delicacies fromall skies and tastes. Gostenhof is a lively district, characterised by trendy bars, hidden beer gardens, chic restaurants, groceries from all over [&hellip;]","og_url":"https:\/\/nuernberg-apartments.de\/en\/wohnmarie\/","og_site_name":"Ferienwohnung N\u00fcrnberg","article_modified_time":"2019-01-04T01:50:29+00:00","twitter_card":"summary_large_image","twitter_misc":{"Est. reading time":"2 minutes"},"schema":{"@context":"https:\/\/schema.org","@graph":[{"@type":"WebPage","@id":"https:\/\/nuernberg-apartments.de\/en\/wohnmarie\/","url":"https:\/\/nuernberg-apartments.de\/en\/wohnmarie\/","name":"Wohnmarie - Ferienwohnung N\u00fcrnberg","isPartOf":{"@id":"https:\/\/nuernberg-apartments.de\/en\/#website"},"datePublished":"2016-11-11T13:39:23+00:00","dateModified":"2019-01-04T01:50:29+00:00","breadcrumb":{"@id":"https:\/\/nuernberg-apartments.de\/en\/wohnmarie\/#breadcrumb"},"inLanguage":"en-US","potentialAction":[{"@type":"ReadAction","target":["https:\/\/nuernberg-apartments.de\/en\/wohnmarie\/"]}]},{"@type":"BreadcrumbList","@id":"https:\/\/nuernberg-apartments.de\/en\/wohnmarie\/#breadcrumb","itemListElement":[{"@type":"ListItem","position":1,"name":"Startseite","item":"https:\/\/nuernberg-apartments.de\/en\/"},{"@type":"ListItem","position":2,"name":"Wohnmarie"}]},{"@type":"WebSite","@id":"https:\/\/nuernberg-apartments.de\/en\/#website","url":"https:\/\/nuernberg-apartments.de\/en\/","name":"Ferienwohnung N\u00fcrnberg","description":"Wohnmarie und Schlafmarie","potentialAction":[{"@type":"SearchAction","target":{"@type":"EntryPoint","urlTemplate":"https:\/\/nuernberg-apartments.de\/en\/?s={search_term_string}"},"query-input":{"@type":"PropertyValueSpecification","valueRequired":true,"valueName":"search_term_string"}}],"inLanguage":"en-US"}]}},"_links":{"self":[{"href":"https:\/\/nuernberg-apartments.de\/en\/wp-json\/wp\/v2\/pages\/1556","targetHints":{"allow":["GET"]}}],"collection":[{"href":"https:\/\/nuernberg-apartments.de\/en\/wp-json\/wp\/v2\/pages"}],"about":[{"href":"https:\/\/nuernberg-apartments.de\/en\/wp-json\/wp\/v2\/types\/page"}],"author":[{"embeddable":true,"href":"https:\/\/nuernberg-apartments.de\/en\/wp-json\/wp\/v2\/users\/1"}],"replies":[{"embeddable":true,"href":"https:\/\/nuernberg-apartments.de\/en\/wp-json\/wp\/v2\/comments?post=1556"}],"version-history":[{"count":19,"href":"https:\/\/nuernberg-apartments.de\/en\/wp-json\/wp\/v2\/pages\/1556\/revisions"}],"predecessor-version":[{"id":1687,"href":"https:\/\/nuernberg-apartments.de\/en\/wp-json\/wp\/v2\/pages\/1556\/revisions\/1687"}],"wp:attachment":[{"href":"https:\/\/nuernberg-apartments.de\/en\/wp-json\/wp\/v2\/media?parent=1556"}],"curies":[{"name":"wp","href":"https:\/\/api.w.org\/{rel}","templated":true}]}}